{"id":4901,"date":"2021-02-18T00:58:49","date_gmt":"2021-02-17T23:58:49","guid":{"rendered":"https:\/\/moovens.net\/dev-new-site\/?page_id=4901"},"modified":"2024-01-22T10:35:03","modified_gmt":"2024-01-22T09:35:03","slug":"les-tarifs-cours-de-roller","status":"publish","type":"page","link":"https:\/\/moovens.net\/dev-new-site\/les-tarifs-cours-de-roller\/","title":{"rendered":"Les tarifs cours"},"content":{"rendered":"[vc_row type=&#8221;full_width_background&#8221; full_screen_row_position=&#8221;middle&#8221; column_margin=&#8221;default&#8221; column_direction=&#8221;default&#8221; column_direction_tablet=&#8221;default&#8221; column_direction_phone=&#8221;default&#8221; bg_color=&#8221;#ffffff&#8221; scene_position=&#8221;center&#8221; top_padding=&#8221;4%&#8221; constrain_group_1=&#8221;yes&#8221; bottom_padding=&#8221;4%&#8221; text_color=&#8221;dark&#8221; text_align=&#8221;left&#8221; row_border_radius=&#8221;none&#8221; row_border_radius_applies=&#8221;bg&#8221; overlay_strength=&#8221;0.5&#8243; gradient_direction=&#8221;left_to_right&#8221; shape_divider_position=&#8221;bottom&#8221; bg_image_animation=&#8221;none&#8221; shape_type=&#8221;&#8221;][vc_column column_padding=&#8221;no-extra-padding&#8221; column_padding_tablet=&#8221;inherit&#8221; column_padding_phone=&#8221;inherit&#8221; column_padding_position=&#8221;all&#8221; background_color_opacity=&#8221;1&#8243; background_hover_color_opacity=&#8221;1&#8243; column_shadow=&#8221;none&#8221; column_border_radius=&#8221;none&#8221; column_link_target=&#8221;_self&#8221; gradient_direction=&#8221;left_to_right&#8221; overlay_strength=&#8221;0.3&#8243; width=&#8221;1\/1&#8243; tablet_width_inherit=&#8221;default&#8221; tablet_text_alignment=&#8221;default&#8221; phone_text_alignment=&#8221;default&#8221; column_border_width=&#8221;none&#8221; column_border_style=&#8221;solid&#8221; bg_image_animation=&#8221;none&#8221;][vc_row_inner column_margin=&#8221;default&#8221; column_direction=&#8221;default&#8221; column_direction_tablet=&#8221;default&#8221; column_direction_phone=&#8221;default&#8221; text_align=&#8221;left&#8221;][vc_column_inner column_padding=&#8221;no-extra-padding&#8221; column_padding_tablet=&#8221;inherit&#8221; column_padding_phone=&#8221;inherit&#8221; column_padding_position=&#8221;all&#8221; centered_text=&#8221;true&#8221; background_color_opacity=&#8221;1&#8243; background_hover_color_opacity=&#8221;1&#8243; font_color=&#8221;#ffffff&#8221; column_shadow=&#8221;none&#8221; column_border_radius=&#8221;none&#8221; column_link_target=&#8221;_self&#8221; gradient_direction=&#8221;left_to_right&#8221; overlay_strength=&#8221;0.3&#8243; width=&#8221;1\/1&#8243; tablet_width_inherit=&#8221;default&#8221; column_border_width=&#8221;none&#8221; column_border_style=&#8221;solid&#8221; bg_image_animation=&#8221;none&#8221; enable_animation=&#8221;true&#8221; animation=&#8221;fade-in&#8221;][vc_column_text css=&#8221;.vc_custom_1659944696528{padding-bottom: 10px !important;}&#8221;]\n<h1 style=\"color: #112345;\">LES TARIFS DES COURS DE ROLLER COLLECTIFS<\/h1>\n[\/vc_column_text][\/vc_column_inner][\/vc_row_inner][vc_row_inner column_margin=&#8221;default&#8221; column_direction=&#8221;default&#8221; column_direction_tablet=&#8221;default&#8221; column_direction_phone=&#8221;default&#8221; text_align=&#8221;left&#8221;][vc_column_inner column_padding=&#8221;no-extra-padding&#8221; column_padding_tablet=&#8221;inherit&#8221; column_padding_phone=&#8221;inherit&#8221; column_padding_position=&#8221;all&#8221; centered_text=&#8221;true&#8221; background_color_opacity=&#8221;1&#8243; background_hover_color_opacity=&#8221;1&#8243; font_color=&#8221;#0a0a0a&#8221; column_shadow=&#8221;none&#8221; column_border_radius=&#8221;none&#8221; column_link_target=&#8221;_self&#8221; gradient_direction=&#8221;left_to_right&#8221; overlay_strength=&#8221;0.3&#8243; width=&#8221;1\/1&#8243; tablet_width_inherit=&#8221;default&#8221; column_border_width=&#8221;none&#8221; column_border_style=&#8221;solid&#8221; bg_image_animation=&#8221;none&#8221; enable_animation=&#8221;true&#8221; animation=&#8221;fade-in&#8221;][vc_column_text css=&#8221;.vc_custom_1659945401302{padding-bottom: 10px !important;}&#8221;]\n<p style=\"text-align: center;\">Tous les abonnement sont valables <strong>du 1er au 31 du mois<\/strong>. Les cours de roller collectifs sont organis\u00e9s de septembre \u00e0 fin juin. Pour le mois de juillet, on fonctionne en cours \u00e0 l&#8217;unit\u00e9 uniquement, les abonnements sont donc exclus \u00e0 cette p\u00e9riode-l\u00e0.<\/p>\n[\/vc_column_text][divider line_type=&#8221;Small Line&#8221; line_alignment=&#8221;default&#8221; line_thickness=&#8221;3&#8243; divider_color=&#8221;extra-color-1&#8243; animate=&#8221;yes&#8221; custom_height=&#8221;30&#8243; custom_line_width=&#8221;120&#8243; delay=&#8221;100&#8243;][\/vc_column_inner][\/vc_row_inner][vc_row_inner column_margin=&#8221;default&#8221; column_direction=&#8221;default&#8221; column_direction_tablet=&#8221;default&#8221; column_direction_phone=&#8221;default&#8221; top_padding=&#8221;20&#8243; text_align=&#8221;left&#8221;][vc_column_inner column_padding=&#8221;padding-3-percent&#8221; column_padding_tablet=&#8221;inherit&#8221; column_padding_phone=&#8221;inherit&#8221; column_padding_position=&#8221;all&#8221; centered_text=&#8221;true&#8221; background_color_opacity=&#8221;1&#8243; background_hover_color_opacity=&#8221;1&#8243; column_shadow=&#8221;none&#8221; column_border_radius=&#8221;none&#8221; column_link_target=&#8221;_self&#8221; gradient_direction=&#8221;left_to_right&#8221; overlay_strength=&#8221;0.3&#8243; width=&#8221;1\/3&#8243; tablet_width_inherit=&#8221;default&#8221; column_border_width=&#8221;none&#8221; column_border_style=&#8221;solid&#8221; bg_image_animation=&#8221;none&#8221; enable_animation=&#8221;true&#8221; animation=&#8221;fade-in-from-bottom&#8221;][nectar_icon icon_family=&#8221;iconsmind&#8221; icon_style=&#8221;default&#8221; icon_color_type=&#8221;color_scheme&#8221; icon_color=&#8221;grey&#8221; icon_padding=&#8221;0px&#8221; icon_iconsmind=&#8221;iconsmind-Clock-Forward&#8221; url=&#8221;#&#8221;][vc_column_text css_animation=&#8221;fadeInUp&#8221; css=&#8221;.vc_custom_1659944855898{margin-bottom: 15px !important;}&#8221;]\n<h5>1h30 de cours collectifs<\/h5>\n[\/vc_column_text][vc_custom_heading text=&#8221;Tous nos cours collectifs durent 1h30 et en musique ! Le pr\u00eat de roller et de protections est inclus pendant les cours.&#8221; font_container=&#8221;tag:p|text_align:center|color:rgba(10%2C10%2C10%2C0.65)&#8221; use_theme_fonts=&#8221;yes&#8221; css_animation=&#8221;fadeInUp&#8221;][\/vc_column_inner][vc_column_inner column_padding=&#8221;padding-3-percent&#8221; column_padding_tablet=&#8221;inherit&#8221; column_padding_phone=&#8221;inherit&#8221; column_padding_position=&#8221;all&#8221; centered_text=&#8221;true&#8221; background_color_opacity=&#8221;1&#8243; background_hover_color_opacity=&#8221;1&#8243; column_shadow=&#8221;none&#8221; column_border_radius=&#8221;none&#8221; column_link_target=&#8221;_self&#8221; gradient_direction=&#8221;left_to_right&#8221; overlay_strength=&#8221;0.3&#8243; width=&#8221;1\/3&#8243; tablet_width_inherit=&#8221;default&#8221; column_border_width=&#8221;none&#8221; column_border_style=&#8221;solid&#8221; bg_image_animation=&#8221;none&#8221; enable_animation=&#8221;true&#8221; animation=&#8221;fade-in-from-bottom&#8221; delay=&#8221;100&#8243;][nectar_icon icon_family=&#8221;iconsmind&#8221; icon_style=&#8221;default&#8221; icon_color_type=&#8221;color_scheme&#8221; icon_color=&#8221;grey&#8221; icon_padding=&#8221;0px&#8221; icon_iconsmind=&#8221;iconsmind-Add-Bag&#8221; url=&#8221;#&#8221;][vc_column_text css_animation=&#8221;fadeInUp&#8221; css=&#8221;.vc_custom_1659945152090{margin-bottom: 15px !important;}&#8221;]\n<h5>R\u00e9ductions avec Moovvens<\/h5>\n[\/vc_column_text][vc_custom_heading text=&#8221;Avec votre carte d&#8217;abonnement Moovens, vous avez acc\u00e8s a 10% de r\u00e9duction au D\u00e9cathlon M\u00e9rignac et chez Jack&amp;Roll&#8221; font_container=&#8221;tag:p|text_align:center|color:rgba(10%2C10%2C10%2C0.65)&#8221; use_theme_fonts=&#8221;yes&#8221; css_animation=&#8221;fadeInUp&#8221;][\/vc_column_inner][vc_column_inner column_padding=&#8221;padding-3-percent&#8221; column_padding_tablet=&#8221;inherit&#8221; column_padding_phone=&#8221;inherit&#8221; column_padding_position=&#8221;all&#8221; centered_text=&#8221;true&#8221; background_color_opacity=&#8221;1&#8243; background_hover_color_opacity=&#8221;1&#8243; column_shadow=&#8221;none&#8221; column_border_radius=&#8221;none&#8221; column_link_target=&#8221;_self&#8221; gradient_direction=&#8221;left_to_right&#8221; overlay_strength=&#8221;0.3&#8243; width=&#8221;1\/3&#8243; tablet_width_inherit=&#8221;default&#8221; column_border_width=&#8221;none&#8221; column_border_style=&#8221;solid&#8221; bg_image_animation=&#8221;none&#8221; enable_animation=&#8221;true&#8221; animation=&#8221;fade-in-from-bottom&#8221; delay=&#8221;200&#8243;][nectar_icon icon_family=&#8221;iconsmind&#8221; icon_style=&#8221;default&#8221; icon_color_type=&#8221;color_scheme&#8221; icon_color=&#8221;grey&#8221; icon_padding=&#8221;0px&#8221; icon_iconsmind=&#8221;iconsmind-Happy&#8221; url=&#8221;#&#8221;][vc_column_text css_animation=&#8221;fadeInUp&#8221; css=&#8221;.vc_custom_1659945199644{margin-bottom: 15px !important;}&#8221;]Moniteurs dipl\u00f4m\u00e9s[\/vc_column_text][vc_custom_heading text=&#8221;Tous nos cours de roller sont encadr\u00e9s par des moniteurs professionnels et dipl\u00f4m\u00e9s d&#8217;\u00e9tat chez Moovens.&#8221; font_container=&#8221;tag:p|text_align:center|color:rgba(10%2C10%2C10%2C0.65)&#8221; use_theme_fonts=&#8221;yes&#8221; css_animation=&#8221;fadeInUp&#8221;][\/vc_column_inner][\/vc_row_inner][vc_row_inner equal_height=&#8221;yes&#8221; column_margin=&#8221;20px&#8221; column_direction=&#8221;default&#8221; column_direction_tablet=&#8221;default&#8221; column_direction_phone=&#8221;default&#8221; top_padding=&#8221;20&#8243; left_padding_desktop=&#8221;0&#8243; constrain_group_2=&#8221;yes&#8221; right_padding_desktop=&#8221;0&#8243; text_align=&#8221;left&#8221;][vc_column_inner column_padding=&#8221;padding-5-percent&#8221; column_padding_tablet=&#8221;inherit&#8221; column_padding_phone=&#8221;inherit&#8221; column_padding_position=&#8221;all&#8221; centered_text=&#8221;true&#8221; background_color=&#8221;#f7f7f7&#8243; background_color_opacity=&#8221;1&#8243; background_color_hover=&#8221;#ffffff&#8221; background_hover_color_opacity=&#8221;1&#8243; column_shadow=&#8221;small_depth&#8221; column_border_radius=&#8221;none&#8221; column_link_target=&#8221;_self&#8221; gradient_direction=&#8221;left_to_right&#8221; overlay_strength=&#8221;0.3&#8243; width=&#8221;1\/3&#8243; tablet_width_inherit=&#8221;default&#8221; column_border_width=&#8221;none&#8221; column_border_style=&#8221;solid&#8221; bg_image_animation=&#8221;none&#8221; enable_animation=&#8221;true&#8221; animation=&#8221;fade-in-from-bottom&#8221;][nectar_gradient_text heading_tag=&#8221;h1&#8243; color=&#8221;extra-color-gradient-2&#8243; gradient_direction=&#8221;horizontal&#8221; text=&#8221;19,5\u20ac&#8221;][vc_column_text css_animation=&#8221;fadeInUp&#8221; css=&#8221;.vc_custom_1659945820117{margin-bottom: 15px !important;}&#8221;]\n<h5>\u00a01 Cours Enfant\/Adulte<\/h5>\n[\/vc_column_text][\/vc_column_inner][vc_column_inner column_padding=&#8221;padding-5-percent&#8221; column_padding_tablet=&#8221;inherit&#8221; column_padding_phone=&#8221;inherit&#8221; column_padding_position=&#8221;all&#8221; centered_text=&#8221;true&#8221; background_color=&#8221;#f7f7f7&#8243; background_color_opacity=&#8221;1&#8243; background_color_hover=&#8221;#ffffff&#8221; background_hover_color_opacity=&#8221;1&#8243; column_shadow=&#8221;small_depth&#8221; column_border_radius=&#8221;none&#8221; column_link_target=&#8221;_self&#8221; gradient_direction=&#8221;left_to_right&#8221; overlay_strength=&#8221;0.3&#8243; width=&#8221;1\/3&#8243; tablet_width_inherit=&#8221;default&#8221; column_border_width=&#8221;none&#8221; column_border_style=&#8221;solid&#8221; bg_image_animation=&#8221;none&#8221; enable_animation=&#8221;true&#8221; animation=&#8221;fade-in-from-bottom&#8221; delay=&#8221;100&#8243;][nectar_gradient_text heading_tag=&#8221;h1&#8243; color=&#8221;extra-color-gradient-2&#8243; gradient_direction=&#8221;horizontal&#8221; text=&#8221;59\u20ac Le Mois&#8221;][vc_column_text css_animation=&#8221;fadeInUp&#8221; css=&#8221;.vc_custom_1659945940704{margin-bottom: 15px !important;}&#8221;]\n<h5>1 cours par semaine \/ Sans Engagement<\/h5>\n[\/vc_column_text][\/vc_column_inner][vc_column_inner column_padding=&#8221;padding-5-percent&#8221; column_padding_tablet=&#8221;inherit&#8221; column_padding_phone=&#8221;inherit&#8221; column_padding_position=&#8221;all&#8221; centered_text=&#8221;true&#8221; background_color=&#8221;#f7f7f7&#8243; background_color_opacity=&#8221;1&#8243; background_color_hover=&#8221;#ffffff&#8221; background_hover_color_opacity=&#8221;1&#8243; column_shadow=&#8221;small_depth&#8221; column_border_radius=&#8221;none&#8221; column_link_target=&#8221;_self&#8221; gradient_direction=&#8221;left_to_right&#8221; overlay_strength=&#8221;0.3&#8243; width=&#8221;1\/3&#8243; tablet_width_inherit=&#8221;default&#8221; column_border_width=&#8221;none&#8221; column_border_style=&#8221;solid&#8221; bg_image_animation=&#8221;none&#8221; enable_animation=&#8221;true&#8221; animation=&#8221;fade-in-from-bottom&#8221; delay=&#8221;200&#8243;][nectar_gradient_text heading_tag=&#8221;h1&#8243; color=&#8221;extra-color-gradient-2&#8243; gradient_direction=&#8221;horizontal&#8221; text=&#8221;390\u20ac&#8221;][vc_column_text css_animation=&#8221;fadeInUp&#8221; css=&#8221;.vc_custom_1693574996688{margin-bottom: 15px !important;}&#8221;]\n<h5>1 cours\/semaine (32 s\u00e9ances) \/ -12% sur les entr\u00e9es patinoires<\/h5>\n[\/vc_column_text][\/vc_column_inner][\/vc_row_inner][vc_row_inner equal_height=&#8221;yes&#8221; column_margin=&#8221;20px&#8221; column_direction=&#8221;default&#8221; column_direction_tablet=&#8221;default&#8221; column_direction_phone=&#8221;default&#8221; top_padding=&#8221;5&#8243; text_align=&#8221;left&#8221;][vc_column_inner column_padding=&#8221;padding-5-percent&#8221; column_padding_tablet=&#8221;inherit&#8221; column_padding_phone=&#8221;inherit&#8221; column_padding_position=&#8221;all&#8221; centered_text=&#8221;true&#8221; background_color=&#8221;#f7f7f7&#8243; background_color_opacity=&#8221;1&#8243; background_color_hover=&#8221;#ffffff&#8221; background_hover_color_opacity=&#8221;1&#8243; column_shadow=&#8221;small_depth&#8221; column_border_radius=&#8221;none&#8221; column_link_target=&#8221;_self&#8221; gradient_direction=&#8221;left_to_right&#8221; overlay_strength=&#8221;0.3&#8243; width=&#8221;1\/2&#8243; tablet_width_inherit=&#8221;default&#8221; column_border_width=&#8221;none&#8221; column_border_style=&#8221;solid&#8221; bg_image_animation=&#8221;none&#8221; enable_animation=&#8221;true&#8221; animation=&#8221;fade-in-from-bottom&#8221;][nectar_gradient_text heading_tag=&#8221;h1&#8243; color=&#8221;extra-color-gradient-2&#8243; gradient_direction=&#8221;horizontal&#8221; text=&#8221;169\u20ac&#8221;][vc_column_text css_animation=&#8221;fadeInUp&#8221; css=&#8221;.vc_custom_1659946701322{margin-bottom: 15px !important;}&#8221;]\n<h5>La carte de 10 cours<\/h5>\n<p>Sans engagement valable 6 mois[\/vc_column_text][\/vc_column_inner][\/vc_row_inner][\/vc_column][\/vc_row]\n","protected":false},"excerpt":{"rendered":"<p>[vc_row type=&#8221;full_width_background&#8221; full_screen_row_position=&#8221;middle&#8221; column_margin=&#8221;default&#8221; column_direction=&#8221;default&#8221; column_direction_tablet=&#8221;default&#8221; column_direction_phone=&#8221;default&#8221; bg_color=&#8221;#ffffff&#8221; scene_position=&#8221;center&#8221; top_padding=&#8221;4%&#8221; constrain_group_1=&#8221;yes&#8221; bottom_padding=&#8221;4%&#8221; text_color=&#8221;dark&#8221; text_align=&#8221;left&#8221; row_border_radius=&#8221;none&#8221; row_border_radius_applies=&#8221;bg&#8221; overlay_strength=&#8221;0.5&#8243; gradient_direction=&#8221;left_to_right&#8221; shape_divider_position=&#8221;bottom&#8221; bg_image_animation=&#8221;none&#8221; shape_type=&#8221;&#8221;][vc_column column_padding=&#8221;no-extra-padding&#8221; column_padding_tablet=&#8221;inherit&#8221; column_padding_phone=&#8221;inherit&#8221; column_padding_position=&#8221;all&#8221; background_color_opacity=&#8221;1&#8243; background_hover_color_opacity=&#8221;1&#8243; column_shadow=&#8221;none&#8221; column_border_radius=&#8221;none&#8221; column_link_target=&#8221;_self&#8221;&#8230;<\/p>\n","protected":false},"author":10,"featured_media":10149,"parent":0,"menu_order":0,"comment_status":"closed","ping_status":"closed","template":"","meta":{"footnotes":""},"class_list":["post-4901","page","type-page","status-publish","has-post-thumbnail"],"yoast_head":"<!-- This site is optimized with the Yoast SEO plugin v22.3 - https:\/\/yoast.com\/wordpress\/plugins\/seo\/ -->\n<title>Les tarifs cours - Moovens<\/title>\n<meta name=\"description\" content=\"Les tarifs des cours de roller Moovens Roller Rink, pour les adultes et enfants. Chez Moovens c&#039;est roller loisir ...\" \/>\n<meta name=\"robots\" content=\"index, follow, max-snippet:-1, max-image-preview:large, max-video-preview:-1\" \/>\n<link rel=\"canonical\" href=\"https:\/\/moovens.net\/dev-new-site\/les-tarifs-cours-de-roller\/\" \/>\n<meta property=\"og:locale\" content=\"fr_FR\" \/>\n<meta property=\"og:type\" content=\"article\" \/>\n<meta property=\"og:title\" content=\"Les tarifs cours - Moovens\" \/>\n<meta property=\"og:description\" content=\"Les tarifs des cours de roller Moovens Roller Rink, pour les adultes et enfants. Chez Moovens c&#039;est roller loisir ...\" \/>\n<meta property=\"og:url\" content=\"https:\/\/moovens.net\/dev-new-site\/les-tarifs-cours-de-roller\/\" \/>\n<meta property=\"og:site_name\" content=\"Moovens\" \/>\n<meta property=\"article:publisher\" content=\"https:\/\/www.facebook.com\/Moovens33\/\" \/>\n<meta property=\"article:modified_time\" content=\"2024-01-22T09:35:03+00:00\" \/>\n<meta property=\"og:image\" content=\"https:\/\/moovens.net\/dev-new-site\/wp-content\/uploads\/2023\/05\/F32A9201.jpg\" \/>\n\t<meta property=\"og:image:width\" content=\"988\" \/>\n\t<meta property=\"og:image:height\" content=\"741\" \/>\n\t<meta property=\"og:image:type\" content=\"image\/jpeg\" \/>\n<meta name=\"twitter:card\" content=\"summary_large_image\" \/>\n<meta name=\"twitter:label1\" content=\"Dur\u00e9e de lecture estim\u00e9e\" \/>\n\t<meta name=\"twitter:data1\" content=\"3 minutes\" \/>\n<script type=\"application\/ld+json\" class=\"yoast-schema-graph\">{\"@context\":\"https:\/\/schema.org\",\"@graph\":[{\"@type\":\"WebPage\",\"@id\":\"https:\/\/moovens.net\/dev-new-site\/les-tarifs-cours-de-roller\/\",\"url\":\"https:\/\/moovens.net\/dev-new-site\/les-tarifs-cours-de-roller\/\",\"name\":\"Les tarifs cours - Moovens\",\"isPartOf\":{\"@id\":\"https:\/\/moovens.net\/dev-new-site\/#website\"},\"primaryImageOfPage\":{\"@id\":\"https:\/\/moovens.net\/dev-new-site\/les-tarifs-cours-de-roller\/#primaryimage\"},\"image\":{\"@id\":\"https:\/\/moovens.net\/dev-new-site\/les-tarifs-cours-de-roller\/#primaryimage\"},\"thumbnailUrl\":\"https:\/\/i0.wp.com\/moovens.net\/dev-new-site\/wp-content\/uploads\/2023\/05\/F32A9201.jpg?fit=988%2C741&ssl=1\",\"datePublished\":\"2021-02-17T23:58:49+00:00\",\"dateModified\":\"2024-01-22T09:35:03+00:00\",\"description\":\"Les tarifs des cours de roller Moovens Roller Rink, pour les adultes et enfants. Chez Moovens c'est roller loisir ...\",\"breadcrumb\":{\"@id\":\"https:\/\/moovens.net\/dev-new-site\/les-tarifs-cours-de-roller\/#breadcrumb\"},\"inLanguage\":\"fr-FR\",\"potentialAction\":[{\"@type\":\"ReadAction\",\"target\":[\"https:\/\/moovens.net\/dev-new-site\/les-tarifs-cours-de-roller\/\"]}]},{\"@type\":\"ImageObject\",\"inLanguage\":\"fr-FR\",\"@id\":\"https:\/\/moovens.net\/dev-new-site\/les-tarifs-cours-de-roller\/#primaryimage\",\"url\":\"https:\/\/i0.wp.com\/moovens.net\/dev-new-site\/wp-content\/uploads\/2023\/05\/F32A9201.jpg?fit=988%2C741&ssl=1\",\"contentUrl\":\"https:\/\/i0.wp.com\/moovens.net\/dev-new-site\/wp-content\/uploads\/2023\/05\/F32A9201.jpg?fit=988%2C741&ssl=1\",\"width\":988,\"height\":741,\"caption\":\"team building fun bordeaux roller\"},{\"@type\":\"BreadcrumbList\",\"@id\":\"https:\/\/moovens.net\/dev-new-site\/les-tarifs-cours-de-roller\/#breadcrumb\",\"itemListElement\":[{\"@type\":\"ListItem\",\"position\":1,\"name\":\"Accueil\",\"item\":\"https:\/\/moovens.net\/dev-new-site\/\"},{\"@type\":\"ListItem\",\"position\":2,\"name\":\"Les tarifs cours\"}]},{\"@type\":\"WebSite\",\"@id\":\"https:\/\/moovens.net\/dev-new-site\/#website\",\"url\":\"https:\/\/moovens.net\/dev-new-site\/\",\"name\":\"Moovens\",\"description\":\"\",\"publisher\":{\"@id\":\"https:\/\/moovens.net\/dev-new-site\/#organization\"},\"potentialAction\":[{\"@type\":\"SearchAction\",\"target\":{\"@type\":\"EntryPoint\",\"urlTemplate\":\"https:\/\/moovens.net\/dev-new-site\/?s={search_term_string}\"},\"query-input\":\"required name=search_term_string\"}],\"inLanguage\":\"fr-FR\"},{\"@type\":\"Organization\",\"@id\":\"https:\/\/moovens.net\/dev-new-site\/#organization\",\"name\":\"Moovens Roller Rink\",\"url\":\"https:\/\/moovens.net\/dev-new-site\/\",\"logo\":{\"@type\":\"ImageObject\",\"inLanguage\":\"fr-FR\",\"@id\":\"https:\/\/moovens.net\/dev-new-site\/#\/schema\/logo\/image\/\",\"url\":\"https:\/\/i1.wp.com\/moovens.net\/dev-new-site\/wp-content\/uploads\/2020\/12\/cropped-logomvs.png?fit=512%2C512&ssl=1\",\"contentUrl\":\"https:\/\/i1.wp.com\/moovens.net\/dev-new-site\/wp-content\/uploads\/2020\/12\/cropped-logomvs.png?fit=512%2C512&ssl=1\",\"width\":512,\"height\":512,\"caption\":\"Moovens Roller Rink\"},\"image\":{\"@id\":\"https:\/\/moovens.net\/dev-new-site\/#\/schema\/logo\/image\/\"},\"sameAs\":[\"https:\/\/www.facebook.com\/Moovens33\/\",\"https:\/\/www.instagram.com\/moovens.roller\/?hl=fr\",\"https:\/\/www.youtube.com\/channel\/UCH8kAipkz5Ho8kqzk_UuT2Q\"]}]}<\/script>\n<!-- \/ Yoast SEO plugin. -->","yoast_head_json":{"title":"Les tarifs cours - Moovens","description":"Les tarifs des cours de roller Moovens Roller Rink, pour les adultes et enfants. Chez Moovens c'est roller loisir ...","robots":{"index":"index","follow":"follow","max-snippet":"max-snippet:-1","max-image-preview":"max-image-preview:large","max-video-preview":"max-video-preview:-1"},"canonical":"https:\/\/moovens.net\/dev-new-site\/les-tarifs-cours-de-roller\/","og_locale":"fr_FR","og_type":"article","og_title":"Les tarifs cours - Moovens","og_description":"Les tarifs des cours de roller Moovens Roller Rink, pour les adultes et enfants. Chez Moovens c'est roller loisir ...","og_url":"https:\/\/moovens.net\/dev-new-site\/les-tarifs-cours-de-roller\/","og_site_name":"Moovens","article_publisher":"https:\/\/www.facebook.com\/Moovens33\/","article_modified_time":"2024-01-22T09:35:03+00:00","og_image":[{"width":988,"height":741,"url":"https:\/\/moovens.net\/dev-new-site\/wp-content\/uploads\/2023\/05\/F32A9201.jpg","type":"image\/jpeg"}],"twitter_card":"summary_large_image","twitter_misc":{"Dur\u00e9e de lecture estim\u00e9e":"3 minutes"},"schema":{"@context":"https:\/\/schema.org","@graph":[{"@type":"WebPage","@id":"https:\/\/moovens.net\/dev-new-site\/les-tarifs-cours-de-roller\/","url":"https:\/\/moovens.net\/dev-new-site\/les-tarifs-cours-de-roller\/","name":"Les tarifs cours - Moovens","isPartOf":{"@id":"https:\/\/moovens.net\/dev-new-site\/#website"},"primaryImageOfPage":{"@id":"https:\/\/moovens.net\/dev-new-site\/les-tarifs-cours-de-roller\/#primaryimage"},"image":{"@id":"https:\/\/moovens.net\/dev-new-site\/les-tarifs-cours-de-roller\/#primaryimage"},"thumbnailUrl":"https:\/\/i0.wp.com\/moovens.net\/dev-new-site\/wp-content\/uploads\/2023\/05\/F32A9201.jpg?fit=988%2C741&ssl=1","datePublished":"2021-02-17T23:58:49+00:00","dateModified":"2024-01-22T09:35:03+00:00","description":"Les tarifs des cours de roller Moovens Roller Rink, pour les adultes et enfants. Chez Moovens c'est roller loisir ...","breadcrumb":{"@id":"https:\/\/moovens.net\/dev-new-site\/les-tarifs-cours-de-roller\/#breadcrumb"},"inLanguage":"fr-FR","potentialAction":[{"@type":"ReadAction","target":["https:\/\/moovens.net\/dev-new-site\/les-tarifs-cours-de-roller\/"]}]},{"@type":"ImageObject","inLanguage":"fr-FR","@id":"https:\/\/moovens.net\/dev-new-site\/les-tarifs-cours-de-roller\/#primaryimage","url":"https:\/\/i0.wp.com\/moovens.net\/dev-new-site\/wp-content\/uploads\/2023\/05\/F32A9201.jpg?fit=988%2C741&ssl=1","contentUrl":"https:\/\/i0.wp.com\/moovens.net\/dev-new-site\/wp-content\/uploads\/2023\/05\/F32A9201.jpg?fit=988%2C741&ssl=1","width":988,"height":741,"caption":"team building fun bordeaux roller"},{"@type":"BreadcrumbList","@id":"https:\/\/moovens.net\/dev-new-site\/les-tarifs-cours-de-roller\/#breadcrumb","itemListElement":[{"@type":"ListItem","position":1,"name":"Accueil","item":"https:\/\/moovens.net\/dev-new-site\/"},{"@type":"ListItem","position":2,"name":"Les tarifs cours"}]},{"@type":"WebSite","@id":"https:\/\/moovens.net\/dev-new-site\/#website","url":"https:\/\/moovens.net\/dev-new-site\/","name":"Moovens","description":"","publisher":{"@id":"https:\/\/moovens.net\/dev-new-site\/#organization"},"potentialAction":[{"@type":"SearchAction","target":{"@type":"EntryPoint","urlTemplate":"https:\/\/moovens.net\/dev-new-site\/?s={search_term_string}"},"query-input":"required name=search_term_string"}],"inLanguage":"fr-FR"},{"@type":"Organization","@id":"https:\/\/moovens.net\/dev-new-site\/#organization","name":"Moovens Roller Rink","url":"https:\/\/moovens.net\/dev-new-site\/","logo":{"@type":"ImageObject","inLanguage":"fr-FR","@id":"https:\/\/moovens.net\/dev-new-site\/#\/schema\/logo\/image\/","url":"https:\/\/i1.wp.com\/moovens.net\/dev-new-site\/wp-content\/uploads\/2020\/12\/cropped-logomvs.png?fit=512%2C512&ssl=1","contentUrl":"https:\/\/i1.wp.com\/moovens.net\/dev-new-site\/wp-content\/uploads\/2020\/12\/cropped-logomvs.png?fit=512%2C512&ssl=1","width":512,"height":512,"caption":"Moovens Roller Rink"},"image":{"@id":"https:\/\/moovens.net\/dev-new-site\/#\/schema\/logo\/image\/"},"sameAs":["https:\/\/www.facebook.com\/Moovens33\/","https:\/\/www.instagram.com\/moovens.roller\/?hl=fr","https:\/\/www.youtube.com\/channel\/UCH8kAipkz5Ho8kqzk_UuT2Q"]}]}},"jetpack_sharing_enabled":true,"_links":{"self":[{"href":"https:\/\/moovens.net\/dev-new-site\/wp-json\/wp\/v2\/pages\/4901","targetHints":{"allow":["GET"]}}],"collection":[{"href":"https:\/\/moovens.net\/dev-new-site\/wp-json\/wp\/v2\/pages"}],"about":[{"href":"https:\/\/moovens.net\/dev-new-site\/wp-json\/wp\/v2\/types\/page"}],"author":[{"embeddable":true,"href":"https:\/\/moovens.net\/dev-new-site\/wp-json\/wp\/v2\/users\/10"}],"replies":[{"embeddable":true,"href":"https:\/\/moovens.net\/dev-new-site\/wp-json\/wp\/v2\/comments?post=4901"}],"version-history":[{"count":44,"href":"https:\/\/moovens.net\/dev-new-site\/wp-json\/wp\/v2\/pages\/4901\/revisions"}],"predecessor-version":[{"id":11042,"href":"https:\/\/moovens.net\/dev-new-site\/wp-json\/wp\/v2\/pages\/4901\/revisions\/11042"}],"wp:featuredmedia":[{"embeddable":true,"href":"https:\/\/moovens.net\/dev-new-site\/wp-json\/wp\/v2\/media\/10149"}],"wp:attachment":[{"href":"https:\/\/moovens.net\/dev-new-site\/wp-json\/wp\/v2\/media?parent=4901"}],"curies":[{"name":"wp","href":"https:\/\/api.w.org\/{rel}","templated":true}]}}