{"id":771,"date":"2019-01-21T18:40:18","date_gmt":"2019-01-21T17:40:18","guid":{"rendered":"https:\/\/moovens.net\/dev-new-site\/?post_type=product&#038;p=771"},"modified":"2023-02-26T21:46:15","modified_gmt":"2023-02-26T20:46:15","slug":"stage-roller-bordeaux-1-seance","status":"publish","type":"product","link":"https:\/\/moovens.net\/dev-new-site\/produit\/stage-roller-bordeaux-1-seance\/","title":{"rendered":"Stage Roller Bordeaux &#8211; 1 s\u00e9ance &#8211; Enfants 4\/8 ans"},"content":{"rendered":"<p>Stage Roller Bordeaux &#8211; 1 S\u00e9ance &#8211; Enfants 4\/8 ans, en demi-journ\u00e9e.<\/p>\n<p>De 9H30 \u00e0 12h30\u00a0 pour les plus petit 4\/9 ans et pour les plus grand 8\/15 ans<\/p>\n<p><strong>Pr\u00eat de protections :\u2028<\/strong> Si votre enfant n\u2019a pas toutes ses protections ,nous pr\u00eatons tous le mat\u00e9riel n\u00e9cessaire \u00e0 la pratique du roller ( Casque, Roller, prot\u00e8gent genoux, coudes et mains ).<\/p>\n<p>&nbsp;<\/p>\n","protected":false},"excerpt":{"rendered":"<p><a target=\"_blank\" href=\"https:\/\/moovens.net\/dev-new-site\/wp-content\/uploads\/2023\/02\/Fiche-recap-stage-Moovens.pdf\" style=\" border:2px solid #000000; padding: 5px;\" rel=\"noopener\"> T\u00e9l\u00e9charger la fiche r\u00e9cap Stage<\/a><\/p>\n<p><a target=\"_blank\" href=\"https:\/\/moovens.net\/dev-new-site\/wp-content\/uploads\/2023\/02\/Fiche-renseignements-Moovens-stage.pdf\" style=\" border:2px solid #000000; padding: 5px;\" rel=\"noopener\">T\u00e9l\u00e9charger la fiche de Renseignements Stage<\/a><\/p>\n","protected":false},"featured_media":6850,"template":"","meta":[],"product_brand":[],"product_cat":[20,34,31,27],"product_tag":[],"class_list":{"0":"post-771","1":"product","2":"type-product","3":"status-publish","4":"has-post-thumbnail","6":"product_cat-enfants","7":"product_cat-stage-cours-unite","8":"product_cat-stage-enfants-4-8-ans","9":"product_cat-stages","10":"bookacti-activity","12":"first","13":"instock","14":"downloadable","15":"virtual","16":"taxable","17":"purchasable","18":"product-type-simple"},"yoast_head":"<!-- This site is optimized with the Yoast SEO plugin v22.3 - https:\/\/yoast.com\/wordpress\/plugins\/seo\/ -->\n<title>Stage Roller Bordeaux - 1 S\u00e9ance-Enfants 4\/8 ans Moovens<\/title>\n<meta name=\"description\" content=\"Stage Roller Bordeaux - 1 S\u00e9ance-Enfants 4\/8 ans. Roller Quad ou en ligne,pour apprendre et se perfectionner en roller:S\u00e9curit\u00e9, Prof\u00e9sionnel, Ludique, Fun!\" \/>\n<meta name=\"robots\" content=\"index, follow, max-snippet:-1, max-image-preview:large, max-video-preview:-1\" \/>\n<link rel=\"canonical\" href=\"https:\/\/moovens.net\/dev-new-site\/produit\/stage-roller-bordeaux-1-seance\/\" \/>\n<meta property=\"og:locale\" content=\"fr_FR\" \/>\n<meta property=\"og:type\" content=\"article\" \/>\n<meta property=\"og:title\" content=\"Stage Roller Bordeaux - 1 S\u00e9ance-Enfants 4\/8 ans Moovens\" \/>\n<meta property=\"og:description\" content=\"Stage Roller Bordeaux - 1 S\u00e9ance-Enfants 4\/8 ans. Roller Quad ou en ligne,pour apprendre et se perfectionner en roller:S\u00e9curit\u00e9, Prof\u00e9sionnel, Ludique, Fun!\" \/>\n<meta property=\"og:url\" content=\"https:\/\/moovens.net\/dev-new-site\/produit\/stage-roller-bordeaux-1-seance\/\" \/>\n<meta property=\"og:site_name\" content=\"Moovens\" \/>\n<meta property=\"article:publisher\" content=\"https:\/\/www.facebook.com\/Moovens33\/\" \/>\n<meta property=\"article:modified_time\" content=\"2023-02-26T20:46:15+00:00\" \/>\n<meta property=\"og:image\" content=\"https:\/\/moovens.net\/dev-new-site\/wp-content\/uploads\/2021\/09\/IMG_2758.jpg\" \/>\n\t<meta property=\"og:image:width\" content=\"1000\" \/>\n\t<meta property=\"og:image:height\" content=\"667\" \/>\n\t<meta property=\"og:image:type\" content=\"image\/jpeg\" \/>\n<meta name=\"twitter:card\" content=\"summary_large_image\" \/>\n<meta name=\"twitter:label1\" content=\"Dur\u00e9e de lecture estim\u00e9e\" \/>\n\t<meta name=\"twitter:data1\" content=\"1 minute\" \/>\n<script type=\"application\/ld+json\" class=\"yoast-schema-graph\">{\"@context\":\"https:\/\/schema.org\",\"@graph\":[{\"@type\":\"WebPage\",\"@id\":\"https:\/\/moovens.net\/dev-new-site\/produit\/stage-roller-bordeaux-1-seance\/\",\"url\":\"https:\/\/moovens.net\/dev-new-site\/produit\/stage-roller-bordeaux-1-seance\/\",\"name\":\"Stage Roller Bordeaux - 1 S\u00e9ance-Enfants 4\/8 ans Moovens\",\"isPartOf\":{\"@id\":\"https:\/\/moovens.net\/dev-new-site\/#website\"},\"primaryImageOfPage\":{\"@id\":\"https:\/\/moovens.net\/dev-new-site\/produit\/stage-roller-bordeaux-1-seance\/#primaryimage\"},\"image\":{\"@id\":\"https:\/\/moovens.net\/dev-new-site\/produit\/stage-roller-bordeaux-1-seance\/#primaryimage\"},\"thumbnailUrl\":\"https:\/\/i0.wp.com\/moovens.net\/dev-new-site\/wp-content\/uploads\/2021\/09\/IMG_2758.jpg?fit=1000%2C667&ssl=1\",\"datePublished\":\"2019-01-21T17:40:18+00:00\",\"dateModified\":\"2023-02-26T20:46:15+00:00\",\"description\":\"Stage Roller Bordeaux - 1 S\u00e9ance-Enfants 4\/8 ans. Roller Quad ou en ligne,pour apprendre et se perfectionner en roller:S\u00e9curit\u00e9, Prof\u00e9sionnel, Ludique, Fun!\",\"breadcrumb\":{\"@id\":\"https:\/\/moovens.net\/dev-new-site\/produit\/stage-roller-bordeaux-1-seance\/#breadcrumb\"},\"inLanguage\":\"fr-FR\",\"potentialAction\":[{\"@type\":\"ReadAction\",\"target\":[\"https:\/\/moovens.net\/dev-new-site\/produit\/stage-roller-bordeaux-1-seance\/\"]}]},{\"@type\":\"ImageObject\",\"inLanguage\":\"fr-FR\",\"@id\":\"https:\/\/moovens.net\/dev-new-site\/produit\/stage-roller-bordeaux-1-seance\/#primaryimage\",\"url\":\"https:\/\/i0.wp.com\/moovens.net\/dev-new-site\/wp-content\/uploads\/2021\/09\/IMG_2758.jpg?fit=1000%2C667&ssl=1\",\"contentUrl\":\"https:\/\/i0.wp.com\/moovens.net\/dev-new-site\/wp-content\/uploads\/2021\/09\/IMG_2758.jpg?fit=1000%2C667&ssl=1\",\"width\":1000,\"height\":667},{\"@type\":\"BreadcrumbList\",\"@id\":\"https:\/\/moovens.net\/dev-new-site\/produit\/stage-roller-bordeaux-1-seance\/#breadcrumb\",\"itemListElement\":[{\"@type\":\"ListItem\",\"position\":1,\"name\":\"Accueil\",\"item\":\"https:\/\/moovens.net\/dev-new-site\/\"},{\"@type\":\"ListItem\",\"position\":2,\"name\":\"Boutique\",\"item\":\"https:\/\/moovens.net\/dev-new-site\/boutique\/\"},{\"@type\":\"ListItem\",\"position\":3,\"name\":\"Stage Roller Bordeaux &#8211; 1 s\u00e9ance &#8211; Enfants 4\/8 ans\"}]},{\"@type\":\"WebSite\",\"@id\":\"https:\/\/moovens.net\/dev-new-site\/#website\",\"url\":\"https:\/\/moovens.net\/dev-new-site\/\",\"name\":\"Moovens\",\"description\":\"\",\"publisher\":{\"@id\":\"https:\/\/moovens.net\/dev-new-site\/#organization\"},\"potentialAction\":[{\"@type\":\"SearchAction\",\"target\":{\"@type\":\"EntryPoint\",\"urlTemplate\":\"https:\/\/moovens.net\/dev-new-site\/?s={search_term_string}\"},\"query-input\":\"required name=search_term_string\"}],\"inLanguage\":\"fr-FR\"},{\"@type\":\"Organization\",\"@id\":\"https:\/\/moovens.net\/dev-new-site\/#organization\",\"name\":\"Moovens Roller Rink\",\"url\":\"https:\/\/moovens.net\/dev-new-site\/\",\"logo\":{\"@type\":\"ImageObject\",\"inLanguage\":\"fr-FR\",\"@id\":\"https:\/\/moovens.net\/dev-new-site\/#\/schema\/logo\/image\/\",\"url\":\"https:\/\/i1.wp.com\/moovens.net\/dev-new-site\/wp-content\/uploads\/2020\/12\/cropped-logomvs.png?fit=512%2C512&ssl=1\",\"contentUrl\":\"https:\/\/i1.wp.com\/moovens.net\/dev-new-site\/wp-content\/uploads\/2020\/12\/cropped-logomvs.png?fit=512%2C512&ssl=1\",\"width\":512,\"height\":512,\"caption\":\"Moovens Roller Rink\"},\"image\":{\"@id\":\"https:\/\/moovens.net\/dev-new-site\/#\/schema\/logo\/image\/\"},\"sameAs\":[\"https:\/\/www.facebook.com\/Moovens33\/\",\"https:\/\/www.instagram.com\/moovens.roller\/?hl=fr\",\"https:\/\/www.youtube.com\/channel\/UCH8kAipkz5Ho8kqzk_UuT2Q\"]}]}<\/script>\n<!-- \/ Yoast SEO plugin. -->","yoast_head_json":{"title":"Stage Roller Bordeaux - 1 S\u00e9ance-Enfants 4\/8 ans Moovens","description":"Stage Roller Bordeaux - 1 S\u00e9ance-Enfants 4\/8 ans. Roller Quad ou en ligne,pour apprendre et se perfectionner en roller:S\u00e9curit\u00e9, Prof\u00e9sionnel, Ludique, Fun!","robots":{"index":"index","follow":"follow","max-snippet":"max-snippet:-1","max-image-preview":"max-image-preview:large","max-video-preview":"max-video-preview:-1"},"canonical":"https:\/\/moovens.net\/dev-new-site\/produit\/stage-roller-bordeaux-1-seance\/","og_locale":"fr_FR","og_type":"article","og_title":"Stage Roller Bordeaux - 1 S\u00e9ance-Enfants 4\/8 ans Moovens","og_description":"Stage Roller Bordeaux - 1 S\u00e9ance-Enfants 4\/8 ans. Roller Quad ou en ligne,pour apprendre et se perfectionner en roller:S\u00e9curit\u00e9, Prof\u00e9sionnel, Ludique, Fun!","og_url":"https:\/\/moovens.net\/dev-new-site\/produit\/stage-roller-bordeaux-1-seance\/","og_site_name":"Moovens","article_publisher":"https:\/\/www.facebook.com\/Moovens33\/","article_modified_time":"2023-02-26T20:46:15+00:00","og_image":[{"width":1000,"height":667,"url":"https:\/\/moovens.net\/dev-new-site\/wp-content\/uploads\/2021\/09\/IMG_2758.jpg","type":"image\/jpeg"}],"twitter_card":"summary_large_image","twitter_misc":{"Dur\u00e9e de lecture estim\u00e9e":"1 minute"},"schema":{"@context":"https:\/\/schema.org","@graph":[{"@type":"WebPage","@id":"https:\/\/moovens.net\/dev-new-site\/produit\/stage-roller-bordeaux-1-seance\/","url":"https:\/\/moovens.net\/dev-new-site\/produit\/stage-roller-bordeaux-1-seance\/","name":"Stage Roller Bordeaux - 1 S\u00e9ance-Enfants 4\/8 ans Moovens","isPartOf":{"@id":"https:\/\/moovens.net\/dev-new-site\/#website"},"primaryImageOfPage":{"@id":"https:\/\/moovens.net\/dev-new-site\/produit\/stage-roller-bordeaux-1-seance\/#primaryimage"},"image":{"@id":"https:\/\/moovens.net\/dev-new-site\/produit\/stage-roller-bordeaux-1-seance\/#primaryimage"},"thumbnailUrl":"https:\/\/i0.wp.com\/moovens.net\/dev-new-site\/wp-content\/uploads\/2021\/09\/IMG_2758.jpg?fit=1000%2C667&ssl=1","datePublished":"2019-01-21T17:40:18+00:00","dateModified":"2023-02-26T20:46:15+00:00","description":"Stage Roller Bordeaux - 1 S\u00e9ance-Enfants 4\/8 ans. Roller Quad ou en ligne,pour apprendre et se perfectionner en roller:S\u00e9curit\u00e9, Prof\u00e9sionnel, Ludique, Fun!","breadcrumb":{"@id":"https:\/\/moovens.net\/dev-new-site\/produit\/stage-roller-bordeaux-1-seance\/#breadcrumb"},"inLanguage":"fr-FR","potentialAction":[{"@type":"ReadAction","target":["https:\/\/moovens.net\/dev-new-site\/produit\/stage-roller-bordeaux-1-seance\/"]}]},{"@type":"ImageObject","inLanguage":"fr-FR","@id":"https:\/\/moovens.net\/dev-new-site\/produit\/stage-roller-bordeaux-1-seance\/#primaryimage","url":"https:\/\/i0.wp.com\/moovens.net\/dev-new-site\/wp-content\/uploads\/2021\/09\/IMG_2758.jpg?fit=1000%2C667&ssl=1","contentUrl":"https:\/\/i0.wp.com\/moovens.net\/dev-new-site\/wp-content\/uploads\/2021\/09\/IMG_2758.jpg?fit=1000%2C667&ssl=1","width":1000,"height":667},{"@type":"BreadcrumbList","@id":"https:\/\/moovens.net\/dev-new-site\/produit\/stage-roller-bordeaux-1-seance\/#breadcrumb","itemListElement":[{"@type":"ListItem","position":1,"name":"Accueil","item":"https:\/\/moovens.net\/dev-new-site\/"},{"@type":"ListItem","position":2,"name":"Boutique","item":"https:\/\/moovens.net\/dev-new-site\/boutique\/"},{"@type":"ListItem","position":3,"name":"Stage Roller Bordeaux &#8211; 1 s\u00e9ance &#8211; Enfants 4\/8 ans"}]},{"@type":"WebSite","@id":"https:\/\/moovens.net\/dev-new-site\/#website","url":"https:\/\/moovens.net\/dev-new-site\/","name":"Moovens","description":"","publisher":{"@id":"https:\/\/moovens.net\/dev-new-site\/#organization"},"potentialAction":[{"@type":"SearchAction","target":{"@type":"EntryPoint","urlTemplate":"https:\/\/moovens.net\/dev-new-site\/?s={search_term_string}"},"query-input":"required name=search_term_string"}],"inLanguage":"fr-FR"},{"@type":"Organization","@id":"https:\/\/moovens.net\/dev-new-site\/#organization","name":"Moovens Roller Rink","url":"https:\/\/moovens.net\/dev-new-site\/","logo":{"@type":"ImageObject","inLanguage":"fr-FR","@id":"https:\/\/moovens.net\/dev-new-site\/#\/schema\/logo\/image\/","url":"https:\/\/i1.wp.com\/moovens.net\/dev-new-site\/wp-content\/uploads\/2020\/12\/cropped-logomvs.png?fit=512%2C512&ssl=1","contentUrl":"https:\/\/i1.wp.com\/moovens.net\/dev-new-site\/wp-content\/uploads\/2020\/12\/cropped-logomvs.png?fit=512%2C512&ssl=1","width":512,"height":512,"caption":"Moovens Roller Rink"},"image":{"@id":"https:\/\/moovens.net\/dev-new-site\/#\/schema\/logo\/image\/"},"sameAs":["https:\/\/www.facebook.com\/Moovens33\/","https:\/\/www.instagram.com\/moovens.roller\/?hl=fr","https:\/\/www.youtube.com\/channel\/UCH8kAipkz5Ho8kqzk_UuT2Q"]}]}},"jetpack_sharing_enabled":true,"_links":{"self":[{"href":"https:\/\/moovens.net\/dev-new-site\/wp-json\/wp\/v2\/product\/771","targetHints":{"allow":["GET"]}}],"collection":[{"href":"https:\/\/moovens.net\/dev-new-site\/wp-json\/wp\/v2\/product"}],"about":[{"href":"https:\/\/moovens.net\/dev-new-site\/wp-json\/wp\/v2\/types\/product"}],"wp:featuredmedia":[{"embeddable":true,"href":"https:\/\/moovens.net\/dev-new-site\/wp-json\/wp\/v2\/media\/6850"}],"wp:attachment":[{"href":"https:\/\/moovens.net\/dev-new-site\/wp-json\/wp\/v2\/media?parent=771"}],"wp:term":[{"taxonomy":"product_brand","embeddable":true,"href":"https:\/\/moovens.net\/dev-new-site\/wp-json\/wp\/v2\/product_brand?post=771"},{"taxonomy":"product_cat","embeddable":true,"href":"https:\/\/moovens.net\/dev-new-site\/wp-json\/wp\/v2\/product_cat?post=771"},{"taxonomy":"product_tag","embeddable":true,"href":"https:\/\/moovens.net\/dev-new-site\/wp-json\/wp\/v2\/product_tag?post=771"}],"curies":[{"name":"wp","href":"https:\/\/api.w.org\/{rel}","templated":true}]}}